{"id":1193,"date":"2023-10-06T06:51:47","date_gmt":"2023-10-06T06:51:47","guid":{"rendered":"https:\/\/camp.truma.com\/impressum\/"},"modified":"2025-02-03T15:07:25","modified_gmt":"2025-02-03T15:07:25","slug":"mentions-legales","status":"publish","type":"page","link":"https:\/\/camp.truma.com\/fr\/mentions-legales\/","title":{"rendered":"Mentions l\u00e9gales"},"content":{"rendered":"\n<p>Truma Ger\u00e4tetechnik GmbH &amp; Co. KG<br>Wernher-von-Braun-Stra\u00dfe 12<br>85640 Putzbrunn<\/p>\n\n\n\n<p>T\u00e9l\u00e9phone service apr\u00e8s-vente \/ Centre de SAV :&nbsp;<a>+49 (0)89 4617-2020<\/a><br>Standard t\u00e9l\u00e9phonique :&nbsp;<a>+49 (0)89 4617-0<\/a><br>Courriel :&nbsp;<a href=\"mailto:info@truma.com\">info@truma.com<\/a><\/p>\n\n\n\n<p>Tribunal d\u2019instance de Munich<br>HRA 56226<br>Si\u00e8ge : Putzbrunn<br>Num\u00e9ro de TVA DE 130250791<br>N\u00b0 d\u2019identification fiscal 143\/576\/00066<br>N\u00b0 d\u2019enregistrement WEEE DE 93431729<\/p>\n\n\n\n<p>Soci\u00e9t\u00e9 personnellement responsable : Truma Ger\u00e4tetechnik Verwaltungs GmbH<br>Si\u00e8ge \u00e0 Putzbrunn<br>Tribunal d\u2019instance de Munich<br>HRB 50189<\/p>\n\n\n\n<p>Directeur g\u00e9n\u00e9ral :<br>Markus Heringer<br>Dr. Joachim Weckwerth<\/p>\n\n\n\n<p>Responsable du contenu au sens de l\u2019art. 18 al. 2 MStV (Medienstaatsvertrag) : Jessica Schuster, joignable \u00e0 l\u2019adresse de l\u2019exploitant du site mentionn\u00e9e ci-dessus<\/p>\n\n\n\n<p>Obligation d\u2019information conform\u00e9ment au \u00a718 alin\u00e9a 4 phrase 3 ElektroG :<br><a href=\"https:\/\/www.bmuv.de\/themen\/wasser-ressourcen-abfall\/kreislaufwirtschaft\/statistiken\/elektro-und-elektronikaltgeraete\">https:\/\/www.bmuv.de\/themen\/wasser-ressourcen-abfall\/kreislaufwirtschaft\/statistiken\/elektro-und-elektronikaltgeraete<\/a><\/p>\n\n\n\n<p>Plateforme de la Commission europ\u00e9enne de r\u00e8glement en ligne des litiges&nbsp;<a href=\"https:\/\/ec.europa.eu\/odr\">: https:\/\/ec.europa.eu\/odr<\/a><\/p>\n\n\n\n<p>Nous ne sommes pas tenus de participer \u00e0 une proc\u00e9dure de r\u00e8glement des litiges devant un organisme de conciliation des consommateurs et ne participons pas non plus volontairement \u00e0 une telle proc\u00e9dure.<\/p>\n\n\n\n<p><strong>Droit d\u2019auteur<\/strong><br>\u00a9 Copyright 2025 Truma Ger\u00e4tetechnik GmbH &amp; Co. KG, Putzbrunn, Allemagne.<br>Les contenus et \u0153uvres de ces pages sont soumis au droit d\u2019auteur et sont la propri\u00e9t\u00e9 de Truma Ger\u00e4tetechnik GmbH &amp; Co. KG ou de tiers qui nous ont accord\u00e9 une licence. La reproduction, le traitement, la diffusion et toute forme d\u2019exploitation requi\u00e8rent l\u2019accord \u00e9crit pr\u00e9alable du titulaire des droits, sauf disposition contraire de la loi sur les droits d\u2019auteur. Aucune licence, ni aucun droit que celui de consulter le site, n\u2019est conf\u00e9r\u00e9 \u00e0 quiconque au regard des droits de propri\u00e9t\u00e9 intellectuelle.<\/p>\n","protected":false},"excerpt":{"rendered":"<p>Truma Ger\u00e4tetechnik GmbH &amp; Co. KGWernher-von-Braun-Stra\u00dfe 1285640 Putzbrunn T\u00e9l\u00e9phone service apr\u00e8s-vente \/ Centre de SAV :&nbsp;+49 (0)89 4617-2020Standard t\u00e9l\u00e9phonique :&nbsp;+49 (0)89 4617-0Courriel :&nbsp;info@truma.com Tribunal d\u2019instance de MunichHRA 56226Si\u00e8ge : PutzbrunnNum\u00e9ro de TVA DE 130250791N\u00b0 d\u2019identification fiscal 143\/576\/00066N\u00b0 d\u2019enregistrement WEEE DE 93431729 Soci\u00e9t\u00e9 personnellement responsable : Truma Ger\u00e4tetechnik Verwaltungs GmbHSi\u00e8ge \u00e0 PutzbrunnTribunal d\u2019instance de MunichHRB 50189 [&hellip;]<\/p>\n","protected":false},"author":2,"featured_media":0,"parent":0,"menu_order":0,"comment_status":"closed","ping_status":"closed","template":"","meta":{"inline_featured_image":false,"footnotes":""},"class_list":["post-1193","page","type-page","status-publish","hentry"],"yoast_head":"<!-- This site is optimized with the Yoast SEO plugin v27.5 - https:\/\/yoast.com\/product\/yoast-seo-wordpress\/ -->\n<title>Mentions l\u00e9gales - Truma Campaign<\/title>\n<meta name=\"robots\" content=\"index, follow, max-snippet:-1, max-image-preview:large, max-video-preview:-1\" \/>\n<link rel=\"canonical\" href=\"https:\/\/camp.truma.com\/fr\/mentions-legales\/\" \/>\n<meta property=\"og:locale\" content=\"fr_FR\" \/>\n<meta property=\"og:type\" content=\"article\" \/>\n<meta property=\"og:title\" content=\"Mentions l\u00e9gales - Truma Campaign\" \/>\n<meta property=\"og:description\" content=\"Truma Ger\u00e4tetechnik GmbH &amp; Co. KGWernher-von-Braun-Stra\u00dfe 1285640 Putzbrunn T\u00e9l\u00e9phone service apr\u00e8s-vente \/ Centre de SAV :&nbsp;+49 (0)89 4617-2020Standard t\u00e9l\u00e9phonique :&nbsp;+49 (0)89 4617-0Courriel :&nbsp;info@truma.com Tribunal d\u2019instance de MunichHRA 56226Si\u00e8ge : PutzbrunnNum\u00e9ro de TVA DE 130250791N\u00b0 d\u2019identification fiscal 143\/576\/00066N\u00b0 d\u2019enregistrement WEEE DE 93431729 Soci\u00e9t\u00e9 personnellement responsable : Truma Ger\u00e4tetechnik Verwaltungs GmbHSi\u00e8ge \u00e0 PutzbrunnTribunal d\u2019instance de MunichHRB 50189 [&hellip;]\" \/>\n<meta property=\"og:url\" content=\"https:\/\/camp.truma.com\/fr\/mentions-legales\/\" \/>\n<meta property=\"og:site_name\" content=\"Truma Campaign\" \/>\n<meta property=\"article:modified_time\" content=\"2025-02-03T15:07:25+00:00\" \/>\n<meta name=\"twitter:card\" content=\"summary_large_image\" \/>\n<script type=\"application\/ld+json\" class=\"yoast-schema-graph\">{\"@context\":\"https:\\\/\\\/schema.org\",\"@graph\":[{\"@type\":\"WebPage\",\"@id\":\"https:\\\/\\\/camp.truma.com\\\/fr\\\/mentions-legales\\\/\",\"url\":\"https:\\\/\\\/camp.truma.com\\\/fr\\\/mentions-legales\\\/\",\"name\":\"Mentions l\u00e9gales - Truma Campaign\",\"isPartOf\":{\"@id\":\"https:\\\/\\\/camp.truma.com\\\/#website\"},\"datePublished\":\"2023-10-06T06:51:47+00:00\",\"dateModified\":\"2025-02-03T15:07:25+00:00\",\"breadcrumb\":{\"@id\":\"https:\\\/\\\/camp.truma.com\\\/fr\\\/mentions-legales\\\/#breadcrumb\"},\"inLanguage\":\"fr-FR\",\"potentialAction\":[{\"@type\":\"ReadAction\",\"target\":[\"https:\\\/\\\/camp.truma.com\\\/fr\\\/mentions-legales\\\/\"]}]},{\"@type\":\"BreadcrumbList\",\"@id\":\"https:\\\/\\\/camp.truma.com\\\/fr\\\/mentions-legales\\\/#breadcrumb\",\"itemListElement\":[{\"@type\":\"ListItem\",\"position\":1,\"name\":\"Startseite\",\"item\":\"https:\\\/\\\/camp.truma.com\\\/it\\\/\"},{\"@type\":\"ListItem\",\"position\":2,\"name\":\"Mentions l\u00e9gales\"}]},{\"@type\":\"WebSite\",\"@id\":\"https:\\\/\\\/camp.truma.com\\\/#website\",\"url\":\"https:\\\/\\\/camp.truma.com\\\/\",\"name\":\"Truma\",\"description\":\"\",\"publisher\":{\"@id\":\"https:\\\/\\\/camp.truma.com\\\/#organization\"},\"potentialAction\":[{\"@type\":\"SearchAction\",\"target\":{\"@type\":\"EntryPoint\",\"urlTemplate\":\"https:\\\/\\\/camp.truma.com\\\/?s={search_term_string}\"},\"query-input\":{\"@type\":\"PropertyValueSpecification\",\"valueRequired\":true,\"valueName\":\"search_term_string\"}}],\"inLanguage\":\"fr-FR\"},{\"@type\":\"Organization\",\"@id\":\"https:\\\/\\\/camp.truma.com\\\/#organization\",\"name\":\"Truma\",\"url\":\"https:\\\/\\\/camp.truma.com\\\/\",\"logo\":{\"@type\":\"ImageObject\",\"inLanguage\":\"fr-FR\",\"@id\":\"https:\\\/\\\/camp.truma.com\\\/#\\\/schema\\\/logo\\\/image\\\/\",\"url\":\"https:\\\/\\\/camp.truma.com\\\/wp-content\\\/uploads\\\/2025\\\/02\\\/truma-logo-white-rgb.svg\",\"contentUrl\":\"https:\\\/\\\/camp.truma.com\\\/wp-content\\\/uploads\\\/2025\\\/02\\\/truma-logo-white-rgb.svg\",\"width\":200,\"height\":60,\"caption\":\"Truma\"},\"image\":{\"@id\":\"https:\\\/\\\/camp.truma.com\\\/#\\\/schema\\\/logo\\\/image\\\/\"}}]}<\/script>\n<!-- \/ Yoast SEO plugin. -->","yoast_head_json":{"title":"Mentions l\u00e9gales - Truma Campaign","robots":{"index":"index","follow":"follow","max-snippet":"max-snippet:-1","max-image-preview":"max-image-preview:large","max-video-preview":"max-video-preview:-1"},"canonical":"https:\/\/camp.truma.com\/fr\/mentions-legales\/","og_locale":"fr_FR","og_type":"article","og_title":"Mentions l\u00e9gales - Truma Campaign","og_description":"Truma Ger\u00e4tetechnik GmbH &amp; Co. KGWernher-von-Braun-Stra\u00dfe 1285640 Putzbrunn T\u00e9l\u00e9phone service apr\u00e8s-vente \/ Centre de SAV :&nbsp;+49 (0)89 4617-2020Standard t\u00e9l\u00e9phonique :&nbsp;+49 (0)89 4617-0Courriel :&nbsp;info@truma.com Tribunal d\u2019instance de MunichHRA 56226Si\u00e8ge : PutzbrunnNum\u00e9ro de TVA DE 130250791N\u00b0 d\u2019identification fiscal 143\/576\/00066N\u00b0 d\u2019enregistrement WEEE DE 93431729 Soci\u00e9t\u00e9 personnellement responsable : Truma Ger\u00e4tetechnik Verwaltungs GmbHSi\u00e8ge \u00e0 PutzbrunnTribunal d\u2019instance de MunichHRB 50189 [&hellip;]","og_url":"https:\/\/camp.truma.com\/fr\/mentions-legales\/","og_site_name":"Truma Campaign","article_modified_time":"2025-02-03T15:07:25+00:00","twitter_card":"summary_large_image","schema":{"@context":"https:\/\/schema.org","@graph":[{"@type":"WebPage","@id":"https:\/\/camp.truma.com\/fr\/mentions-legales\/","url":"https:\/\/camp.truma.com\/fr\/mentions-legales\/","name":"Mentions l\u00e9gales - Truma Campaign","isPartOf":{"@id":"https:\/\/camp.truma.com\/#website"},"datePublished":"2023-10-06T06:51:47+00:00","dateModified":"2025-02-03T15:07:25+00:00","breadcrumb":{"@id":"https:\/\/camp.truma.com\/fr\/mentions-legales\/#breadcrumb"},"inLanguage":"fr-FR","potentialAction":[{"@type":"ReadAction","target":["https:\/\/camp.truma.com\/fr\/mentions-legales\/"]}]},{"@type":"BreadcrumbList","@id":"https:\/\/camp.truma.com\/fr\/mentions-legales\/#breadcrumb","itemListElement":[{"@type":"ListItem","position":1,"name":"Startseite","item":"https:\/\/camp.truma.com\/it\/"},{"@type":"ListItem","position":2,"name":"Mentions l\u00e9gales"}]},{"@type":"WebSite","@id":"https:\/\/camp.truma.com\/#website","url":"https:\/\/camp.truma.com\/","name":"Truma","description":"","publisher":{"@id":"https:\/\/camp.truma.com\/#organization"},"potentialAction":[{"@type":"SearchAction","target":{"@type":"EntryPoint","urlTemplate":"https:\/\/camp.truma.com\/?s={search_term_string}"},"query-input":{"@type":"PropertyValueSpecification","valueRequired":true,"valueName":"search_term_string"}}],"inLanguage":"fr-FR"},{"@type":"Organization","@id":"https:\/\/camp.truma.com\/#organization","name":"Truma","url":"https:\/\/camp.truma.com\/","logo":{"@type":"ImageObject","inLanguage":"fr-FR","@id":"https:\/\/camp.truma.com\/#\/schema\/logo\/image\/","url":"https:\/\/camp.truma.com\/wp-content\/uploads\/2025\/02\/truma-logo-white-rgb.svg","contentUrl":"https:\/\/camp.truma.com\/wp-content\/uploads\/2025\/02\/truma-logo-white-rgb.svg","width":200,"height":60,"caption":"Truma"},"image":{"@id":"https:\/\/camp.truma.com\/#\/schema\/logo\/image\/"}}]}},"_links":{"self":[{"href":"https:\/\/camp.truma.com\/fr\/wp-json\/wp\/v2\/pages\/1193","targetHints":{"allow":["GET"]}}],"collection":[{"href":"https:\/\/camp.truma.com\/fr\/wp-json\/wp\/v2\/pages"}],"about":[{"href":"https:\/\/camp.truma.com\/fr\/wp-json\/wp\/v2\/types\/page"}],"author":[{"embeddable":true,"href":"https:\/\/camp.truma.com\/fr\/wp-json\/wp\/v2\/users\/2"}],"replies":[{"embeddable":true,"href":"https:\/\/camp.truma.com\/fr\/wp-json\/wp\/v2\/comments?post=1193"}],"version-history":[{"count":4,"href":"https:\/\/camp.truma.com\/fr\/wp-json\/wp\/v2\/pages\/1193\/revisions"}],"predecessor-version":[{"id":3728,"href":"https:\/\/camp.truma.com\/fr\/wp-json\/wp\/v2\/pages\/1193\/revisions\/3728"}],"wp:attachment":[{"href":"https:\/\/camp.truma.com\/fr\/wp-json\/wp\/v2\/media?parent=1193"}],"curies":[{"name":"wp","href":"https:\/\/api.w.org\/{rel}","templated":true}]}}